{"id":2,"date":"2010-08-06T10:47:39","date_gmt":"2010-08-06T08:47:39","guid":{"rendered":"http:\/\/marwin.e-blog.cz\/?page_id=2"},"modified":"2023-01-31T12:15:52","modified_gmt":"2023-01-31T10:15:52","slug":"neco-o-me","status":"publish","type":"page","link":"https:\/\/svobodma.cz\/?page_id=2","title":{"rendered":"Autor Webu"},"content":{"rendered":"<p><img loading=\"lazy\" decoding=\"async\" class=\"alignnone wp-image-1454 \" src=\"https:\/\/svobodma.cz\/marwin.e-blog.cz\/httpdocs\/wp-content\/uploads\/90934111_1-1.jpg\" alt=\"\" width=\"101\" height=\"93\" srcset=\"https:\/\/svobodma.cz\/marwin.e-blog.cz\/httpdocs\/wp-content\/uploads\/90934111_1-1.jpg 976w, https:\/\/svobodma.cz\/marwin.e-blog.cz\/httpdocs\/wp-content\/uploads\/90934111_1-1-768x708.jpg 768w\" sizes=\"auto, (max-width: 101px) 100vw, 101px\" \/><\/p>\n<p><strong>Zdrav\u00edm v\u0161echny,\u00a0<\/strong><strong>kte\u0159\u00ed nav\u0161t\u00edvili tyto str\u00e1nky. Tento web\/blog jsem kdysi o\u017eivil za \u00fa\u010delem shroma\u017e\u010fov\u00e1n\u00ed a dal\u0161\u00edho \u0161\u00ed\u0159en\u00ed vlastn\u00edch zku\u0161enost\u00ed ohledn\u011b produkt\u016f spole\u010dnosti Microsoft a dal\u0161\u00edch z oblasti IT. Nalezen\u00ed odpov\u011bdi nebo \u0159e\u0161en\u00ed va\u0161eho IT probl\u00e9mu mo\u017en\u00e1 najdete pr\u00e1v\u011b na t\u011bchto str\u00e1nk\u00e1ch, zalo\u017een\u00fdch na redak\u010dn\u00edm syst\u00e9mu WordPress.<\/strong><\/p>\n","protected":false},"excerpt":{"rendered":"<p>Zdrav\u00edm v\u0161echny,\u00a0kte\u0159\u00ed nav\u0161t\u00edvili tyto str\u00e1nky. Tento web\/blog jsem kdysi o\u017eivil za \u00fa\u010delem shroma\u017e\u010fov\u00e1n\u00ed a dal\u0161\u00edho \u0161\u00ed\u0159en\u00ed vlastn\u00edch zku\u0161enost\u00ed ohledn\u011b produkt\u016f spole\u010dnosti Microsoft a dal\u0161\u00edch z oblasti IT. Nalezen\u00ed odpov\u011bdi nebo \u0159e\u0161en\u00ed va\u0161eho IT probl\u00e9mu mo\u017en\u00e1 najdete pr\u00e1v\u011b na t\u011bchto str\u00e1nk\u00e1ch, &hellip; <a href=\"https:\/\/svobodma.cz\/?page_id=2\">Cel\u00fd p\u0159\u00edsp\u011bvek <span class=\"meta-nav\">&rarr;<\/span><\/a><\/p>\n","protected":false},"author":1,"featured_media":0,"parent":0,"menu_order":0,"comment_status":"open","ping_status":"closed","template":"","meta":{"footnotes":""},"class_list":["post-2","page","type-page","status-publish","hentry"],"_links":{"self":[{"href":"https:\/\/svobodma.cz\/index.php?rest_route=\/wp\/v2\/pages\/2","targetHints":{"allow":["GET"]}}],"collection":[{"href":"https:\/\/svobodma.cz\/index.php?rest_route=\/wp\/v2\/pages"}],"about":[{"href":"https:\/\/svobodma.cz\/index.php?rest_route=\/wp\/v2\/types\/page"}],"author":[{"embeddable":true,"href":"https:\/\/svobodma.cz\/index.php?rest_route=\/wp\/v2\/users\/1"}],"replies":[{"embeddable":true,"href":"https:\/\/svobodma.cz\/index.php?rest_route=%2Fwp%2Fv2%2Fcomments&post=2"}],"version-history":[{"count":91,"href":"https:\/\/svobodma.cz\/index.php?rest_route=\/wp\/v2\/pages\/2\/revisions"}],"predecessor-version":[{"id":1456,"href":"https:\/\/svobodma.cz\/index.php?rest_route=\/wp\/v2\/pages\/2\/revisions\/1456"}],"wp:attachment":[{"href":"https:\/\/svobodma.cz\/index.php?rest_route=%2Fwp%2Fv2%2Fmedia&parent=2"}],"curies":[{"name":"wp","href":"https:\/\/api.w.org\/{rel}","templated":true}]}}